{"id":3139,"date":"2022-04-28T16:12:12","date_gmt":"2022-04-28T14:12:12","guid":{"rendered":"https:\/\/petroinstal.com\/avis-legal-2\/"},"modified":"2022-06-14T08:55:01","modified_gmt":"2022-06-14T06:55:01","slug":"aviso-legal","status":"publish","type":"page","link":"https:\/\/petroinstal.com\/es\/aviso-legal\/","title":{"rendered":"Aviso legal"},"content":{"rendered":"\t\t<div data-elementor-type=\"wp-page\" data-elementor-id=\"3139\" class=\"elementor elementor-3139 elementor-1029\" data-elementor-post-type=\"page\">\n\t\t\t\t\t\t<section class=\"elementor-section elementor-top-section elementor-element elementor-element-ec2295a elementor-section-boxed elementor-section-height-default elementor-section-height-default\" data-id=\"ec2295a\" data-element_type=\"section\">\n\t\t\t\t\t\t<div class=\"elementor-container elementor-column-gap-default\">\n\t\t\t\t\t<div class=\"elementor-column elementor-col-100 elementor-top-column elementor-element elementor-element-df97ba0\" data-id=\"df97ba0\" data-element_type=\"column\">\n\t\t\t<div class=\"elementor-widget-wrap elementor-element-populated\">\n\t\t\t\t\t\t<div class=\"elementor-element elementor-element-6ba1559 elementor-widget elementor-widget-heading\" data-id=\"6ba1559\" data-element_type=\"widget\" data-widget_type=\"heading.default\">\n\t\t\t\t<div class=\"elementor-widget-container\">\n\t\t\t<style>\/*! elementor - v3.22.0 - 26-06-2024 *\/\n.elementor-heading-title{padding:0;margin:0;line-height:1}.elementor-widget-heading .elementor-heading-title[class*=elementor-size-]>a{color:inherit;font-size:inherit;line-height:inherit}.elementor-widget-heading .elementor-heading-title.elementor-size-small{font-size:15px}.elementor-widget-heading .elementor-heading-title.elementor-size-medium{font-size:19px}.elementor-widget-heading .elementor-heading-title.elementor-size-large{font-size:29px}.elementor-widget-heading .elementor-heading-title.elementor-size-xl{font-size:39px}.elementor-widget-heading .elementor-heading-title.elementor-size-xxl{font-size:59px}<\/style><h1 class=\"elementor-heading-title elementor-size-default\">Aviso legal<\/h1>\t\t<\/div>\n\t\t\t\t<\/div>\n\t\t\t\t<div class=\"elementor-element elementor-element-44851e8 elementor-widget elementor-widget-text-editor\" data-id=\"44851e8\" data-element_type=\"widget\" data-widget_type=\"text-editor.default\">\n\t\t\t\t<div class=\"elementor-widget-container\">\n\t\t\t<style>\/*! elementor - v3.22.0 - 26-06-2024 *\/\n.elementor-widget-text-editor.elementor-drop-cap-view-stacked .elementor-drop-cap{background-color:#69727d;color:#fff}.elementor-widget-text-editor.elementor-drop-cap-view-framed .elementor-drop-cap{color:#69727d;border:3px solid;background-color:transparent}.elementor-widget-text-editor:not(.elementor-drop-cap-view-default) .elementor-drop-cap{margin-top:8px}.elementor-widget-text-editor:not(.elementor-drop-cap-view-default) .elementor-drop-cap-letter{width:1em;height:1em}.elementor-widget-text-editor .elementor-drop-cap{float:left;text-align:center;line-height:1;font-size:50px}.elementor-widget-text-editor .elementor-drop-cap-letter{display:inline-block}<\/style>\t\t\t\t<p>De acuerdo con las obligaciones establecidas en la Ley 34\/2002, de servicios de la sociedad de la informaci\u00f3n y comercio electr\u00f3nico (en m\u00e1s adelante LSSICE), PETROINSTAL, SL declara que los dominios petroinstal.com, petroinstal.es, petroinstal.cat y sus subdominios son propiedad de PETROINSTAL, SL, con CIF B-64680937 y se encuentra domiciliada en C\/ Narc\u00eds Monturiol 14, Nave 1 del Polo Ind. Los Llanos de Arau 08787 La Pobla de Claramunt (Barcelona).<\/p><p>Que PETROINSTAL, SL consta inscrita en el Registro Mercantil de Barcelona, \u200b\u200bTom 4052, folio 9 y hoja B-3580.<\/p><p>PETROINSTAL, S.L. no puede asumir responsabilidad alguna derivada del uso incorrecto, inapropiado o il\u00edcito de la informaci\u00f3n aparecida en las p\u00e1ginas web. Con los l\u00edmites establecidos por la ley, PETROINSTAL, SL no asume ninguna responsabilidad derivada de la carencia de veracidad, integridad, actualizaci\u00f3n y precisi\u00f3n de los datos o informaciones que se contienen en sus p\u00e1ginas web.<\/p><p>Los contenidos y la informaci\u00f3n de las p\u00e1ginas de Internet de PETROINSTAL, SL est\u00e1n elaborados por profesionales debidamente cualificados para el ejercicio de su profesi\u00f3n. Sin embargo, los contenidos y la informaci\u00f3n no vinculan a la susodicha, ni constituyen opiniones, consejos o asesoramiento legal de ning\u00fan tipo, ya que se trata meramente de un servicio ofrecido con car\u00e1cter informativo. Las p\u00e1ginas internet de PETROINSTAL, SL pueden contener enlaces (links) a otras p\u00e1ginas de terceros. Por ello, \u00e9sta no puede hacerse responsable por el contenido que pueda aparecer en p\u00e1ginas de terceros. Los textos, im\u00e1genes, sonidos, animaciones, software y dem\u00e1s contenidos incluidos en esta web son propiedad exclusiva de PETROINSTAL, SL o sus licenciantes. Cualquier acto de transmisi\u00f3n, distribuci\u00f3n, cesi\u00f3n, reproducci\u00f3n, almacenamiento o comunicaci\u00f3n p\u00fablica total o parcial debe tener el consentimiento expreso de PETROINSTAL, SL.<\/p><p>De igual forma se reserva el derecho a retirar el acceso al Portal, sin necesidad de previo aviso, a cualquier usuario que contravenga lo dispuesto en este aviso legal.<\/p><p><strong>CONDICIONES<\/strong> <strong>DE USO.<\/strong><\/p><p>El sitio web PETROINSTAL SL es accesible sin necesidad de registrarse para acceder a la mayor\u00eda de sus contenidos, con la excepci\u00f3n de la ZONA CLIENTES (\u00e1rea de clientes) donde debe identificarse al usuario.<\/p><p>En la zona de clientes, se pueden ver las facturas emitidas por PETROINSTAL SL contra el cliente. Esta informaci\u00f3n se ofrece de forma gratuita y PETROINSTAL SL pone los recursos humanos y tecnol\u00f3gicos para asegurar su validez. Sin embargo, esta informaci\u00f3n puede estar sujeta a errores causados \u200b\u200bpor aver\u00eda o sistemas de software, hardware o informaci\u00f3n, m\u00e1s all\u00e1 del control. El usuario queda informado de esta posibilidad y se tendr\u00e1 en cuenta en su uso. Por el contrario, la factura electr\u00f3nica tiene validez real, jur\u00eddica y fiscal y puede ser descargada por parte del cliente desde su \u00e1rea privada de la Zona Clientes.<\/p><p>Para acceder a esta \u00e1rea privada de la Zona Clientes, debe tener un nombre de usuario y contrase\u00f1a. Para inscribirse en estos servicios podr\u00e1 completar el formulario de registro proporcionada en este sitio web, que proporcionar\u00e1 datos de identificaci\u00f3n del cliente y facturaci\u00f3n de los \u00faltimos 6 meses.<\/p><p>Al registrarse como cliente, se compromete a cumplir todas las condiciones y si no est\u00e1 de acuerdo con cualquiera, no debe registrarse como cliente de PETROINSTAL SL. Por tanto, con la aceptaci\u00f3n de estas condiciones usted acepta de forma expresa todo el contenido a las presentes, reserv\u00e1ndose PETROINSTAL SL la posibilidad de modificarlas en cualquier momento, siendo de aplicaci\u00f3n las que sean vigentes en el momento concreto acceso a esta zona de clientes.<\/p><p>El uso de la contrase\u00f1a es personal, secreto e intransferible de la persona autorizada por el cliente, y no se puede ceder su uso, aunque sea con car\u00e1cter temporal, a terceros. Por este motivo, el cliente se compromete a su uso diligente y mantenerla en secreto, siendo el \u00fanico responsable de las consecuencias de compartirla.<\/p><p>En caso de que el cliente tenga conocimiento o sospeche que la contrase\u00f1a puede ser utilizada para otros, lo notificar\u00e1 de inmediato a PETROINSTAL SL, para modificarla. Sin embargo, el cliente podr\u00e1 modificarla de su \u00e1rea privada de cliente.<\/p><p>Adem\u00e1s, la contrase\u00f1a puede ser modificada en cualquier momento que el cliente lo desee, poni\u00e9ndose en contacto con PETROINSTAL SL, o utilizando el apartado correspondiente de su \u00e1rea privada de cliente, donde tambi\u00e9n se pueden modificar otros aspectos del perfil de cliente.<\/p>\t\t\t\t\t\t<\/div>\n\t\t\t\t<\/div>\n\t\t\t\t\t<\/div>\n\t\t<\/div>\n\t\t\t\t\t<\/div>\n\t\t<\/section>\n\t\t\t\t<\/div>\n\t\t","protected":false},"excerpt":{"rendered":"<p>Aviso legal De acuerdo con las obligaciones establecidas en la Ley 34\/2002, de servicios de la sociedad de la informaci\u00f3n y comercio electr\u00f3nico (en m\u00e1s adelante LSSICE), PETROINSTAL, SL declara que los dominios petroinstal.com, petroinstal.es, petroinstal.cat y sus subdominios son propiedad de PETROINSTAL, SL, con CIF B-64680937 y se encuentra domiciliada en C\/ Narc\u00eds Monturiol [&hellip;]<\/p>\n","protected":false},"author":2,"featured_media":0,"parent":0,"menu_order":0,"comment_status":"closed","ping_status":"closed","template":"","meta":{"_acf_changed":false,"footnotes":""},"acf":[],"yoast_head":"<!-- This site is optimized with the Yoast SEO plugin v22.9 - https:\/\/yoast.com\/wordpress\/plugins\/seo\/ -->\n<title>Aviso legal - Solucions globals per a instal\u00b7lacions petrol\u00edferes | Petroinstal<\/title>\n<meta name=\"robots\" content=\"index, follow, max-snippet:-1, max-image-preview:large, max-video-preview:-1\" \/>\n<link rel=\"canonical\" href=\"https:\/\/petroinstal.com\/es\/aviso-legal\/\" \/>\n<meta property=\"og:locale\" content=\"es_ES\" \/>\n<meta property=\"og:type\" content=\"article\" \/>\n<meta property=\"og:title\" content=\"Aviso legal - Solucions globals per a instal\u00b7lacions petrol\u00edferes | Petroinstal\" \/>\n<meta property=\"og:description\" content=\"Aviso legal De acuerdo con las obligaciones establecidas en la Ley 34\/2002, de servicios de la sociedad de la informaci\u00f3n y comercio electr\u00f3nico (en m\u00e1s adelante LSSICE), PETROINSTAL, SL declara que los dominios petroinstal.com, petroinstal.es, petroinstal.cat y sus subdominios son propiedad de PETROINSTAL, SL, con CIF B-64680937 y se encuentra domiciliada en C\/ Narc\u00eds Monturiol [&hellip;]\" \/>\n<meta property=\"og:url\" content=\"https:\/\/petroinstal.com\/es\/aviso-legal\/\" \/>\n<meta property=\"og:site_name\" content=\"Solucions globals per a instal\u00b7lacions petrol\u00edferes | Petroinstal\" \/>\n<meta property=\"article:modified_time\" content=\"2022-06-14T06:55:01+00:00\" \/>\n<meta name=\"twitter:card\" content=\"summary_large_image\" \/>\n<meta name=\"twitter:label1\" content=\"Tiempo de lectura\" \/>\n\t<meta name=\"twitter:data1\" content=\"4 minutos\" \/>\n<script type=\"application\/ld+json\" class=\"yoast-schema-graph\">{\"@context\":\"https:\/\/schema.org\",\"@graph\":[{\"@type\":\"WebPage\",\"@id\":\"https:\/\/petroinstal.com\/es\/aviso-legal\/\",\"url\":\"https:\/\/petroinstal.com\/es\/aviso-legal\/\",\"name\":\"Aviso legal - Solucions globals per a instal\u00b7lacions petrol\u00edferes | Petroinstal\",\"isPartOf\":{\"@id\":\"https:\/\/petroinstal.com\/es\/#website\"},\"datePublished\":\"2022-04-28T14:12:12+00:00\",\"dateModified\":\"2022-06-14T06:55:01+00:00\",\"breadcrumb\":{\"@id\":\"https:\/\/petroinstal.com\/es\/aviso-legal\/#breadcrumb\"},\"inLanguage\":\"es\",\"potentialAction\":[{\"@type\":\"ReadAction\",\"target\":[\"https:\/\/petroinstal.com\/es\/aviso-legal\/\"]}]},{\"@type\":\"BreadcrumbList\",\"@id\":\"https:\/\/petroinstal.com\/es\/aviso-legal\/#breadcrumb\",\"itemListElement\":[{\"@type\":\"ListItem\",\"position\":1,\"name\":\"Inici\",\"item\":\"https:\/\/petroinstal.com\/es\/\"},{\"@type\":\"ListItem\",\"position\":2,\"name\":\"Aviso legal\"}]},{\"@type\":\"WebSite\",\"@id\":\"https:\/\/petroinstal.com\/es\/#website\",\"url\":\"https:\/\/petroinstal.com\/es\/\",\"name\":\"Solucions globals per a instal\u00b7lacions petrol\u00edferes | Petroinstal\",\"description\":\"Experts en instal\u00b7lacions petrol\u00edferes, des del disseny de la instal\u00b7laci\u00f3 fins a la seva construcci\u00f3, posada en marxa, posteriors manteniments, ampliacions, remodelaci\u00f3 o desmantellament oferint el nostre bagatge professional en tot aquest decurs\",\"publisher\":{\"@id\":\"https:\/\/petroinstal.com\/es\/#organization\"},\"potentialAction\":[{\"@type\":\"SearchAction\",\"target\":{\"@type\":\"EntryPoint\",\"urlTemplate\":\"https:\/\/petroinstal.com\/es\/?s={search_term_string}\"},\"query-input\":\"required name=search_term_string\"}],\"inLanguage\":\"es\"},{\"@type\":\"Organization\",\"@id\":\"https:\/\/petroinstal.com\/es\/#organization\",\"name\":\"PETROINSTAL, SL\",\"url\":\"https:\/\/petroinstal.com\/es\/\",\"logo\":{\"@type\":\"ImageObject\",\"inLanguage\":\"es\",\"@id\":\"https:\/\/petroinstal.com\/es\/#\/schema\/logo\/image\/\",\"url\":\"https:\/\/petroinstal.com\/wp-content\/uploads\/2022\/02\/logo-petroinstal-llarg-1.svg\",\"contentUrl\":\"https:\/\/petroinstal.com\/wp-content\/uploads\/2022\/02\/logo-petroinstal-llarg-1.svg\",\"width\":1,\"height\":1,\"caption\":\"PETROINSTAL, SL\"},\"image\":{\"@id\":\"https:\/\/petroinstal.com\/es\/#\/schema\/logo\/image\/\"},\"sameAs\":[\"https:\/\/www.linkedin.com\/company\/petroinsal\/about\/\"]}]}<\/script>\n<!-- \/ Yoast SEO plugin. -->","yoast_head_json":{"title":"Aviso legal - Solucions globals per a instal\u00b7lacions petrol\u00edferes | Petroinstal","robots":{"index":"index","follow":"follow","max-snippet":"max-snippet:-1","max-image-preview":"max-image-preview:large","max-video-preview":"max-video-preview:-1"},"canonical":"https:\/\/petroinstal.com\/es\/aviso-legal\/","og_locale":"es_ES","og_type":"article","og_title":"Aviso legal - Solucions globals per a instal\u00b7lacions petrol\u00edferes | Petroinstal","og_description":"Aviso legal De acuerdo con las obligaciones establecidas en la Ley 34\/2002, de servicios de la sociedad de la informaci\u00f3n y comercio electr\u00f3nico (en m\u00e1s adelante LSSICE), PETROINSTAL, SL declara que los dominios petroinstal.com, petroinstal.es, petroinstal.cat y sus subdominios son propiedad de PETROINSTAL, SL, con CIF B-64680937 y se encuentra domiciliada en C\/ Narc\u00eds Monturiol [&hellip;]","og_url":"https:\/\/petroinstal.com\/es\/aviso-legal\/","og_site_name":"Solucions globals per a instal\u00b7lacions petrol\u00edferes | Petroinstal","article_modified_time":"2022-06-14T06:55:01+00:00","twitter_card":"summary_large_image","twitter_misc":{"Tiempo de lectura":"4 minutos"},"schema":{"@context":"https:\/\/schema.org","@graph":[{"@type":"WebPage","@id":"https:\/\/petroinstal.com\/es\/aviso-legal\/","url":"https:\/\/petroinstal.com\/es\/aviso-legal\/","name":"Aviso legal - Solucions globals per a instal\u00b7lacions petrol\u00edferes | Petroinstal","isPartOf":{"@id":"https:\/\/petroinstal.com\/es\/#website"},"datePublished":"2022-04-28T14:12:12+00:00","dateModified":"2022-06-14T06:55:01+00:00","breadcrumb":{"@id":"https:\/\/petroinstal.com\/es\/aviso-legal\/#breadcrumb"},"inLanguage":"es","potentialAction":[{"@type":"ReadAction","target":["https:\/\/petroinstal.com\/es\/aviso-legal\/"]}]},{"@type":"BreadcrumbList","@id":"https:\/\/petroinstal.com\/es\/aviso-legal\/#breadcrumb","itemListElement":[{"@type":"ListItem","position":1,"name":"Inici","item":"https:\/\/petroinstal.com\/es\/"},{"@type":"ListItem","position":2,"name":"Aviso legal"}]},{"@type":"WebSite","@id":"https:\/\/petroinstal.com\/es\/#website","url":"https:\/\/petroinstal.com\/es\/","name":"Solucions globals per a instal\u00b7lacions petrol\u00edferes | Petroinstal","description":"Experts en instal\u00b7lacions petrol\u00edferes, des del disseny de la instal\u00b7laci\u00f3 fins a la seva construcci\u00f3, posada en marxa, posteriors manteniments, ampliacions, remodelaci\u00f3 o desmantellament oferint el nostre bagatge professional en tot aquest decurs","publisher":{"@id":"https:\/\/petroinstal.com\/es\/#organization"},"potentialAction":[{"@type":"SearchAction","target":{"@type":"EntryPoint","urlTemplate":"https:\/\/petroinstal.com\/es\/?s={search_term_string}"},"query-input":"required name=search_term_string"}],"inLanguage":"es"},{"@type":"Organization","@id":"https:\/\/petroinstal.com\/es\/#organization","name":"PETROINSTAL, SL","url":"https:\/\/petroinstal.com\/es\/","logo":{"@type":"ImageObject","inLanguage":"es","@id":"https:\/\/petroinstal.com\/es\/#\/schema\/logo\/image\/","url":"https:\/\/petroinstal.com\/wp-content\/uploads\/2022\/02\/logo-petroinstal-llarg-1.svg","contentUrl":"https:\/\/petroinstal.com\/wp-content\/uploads\/2022\/02\/logo-petroinstal-llarg-1.svg","width":1,"height":1,"caption":"PETROINSTAL, SL"},"image":{"@id":"https:\/\/petroinstal.com\/es\/#\/schema\/logo\/image\/"},"sameAs":["https:\/\/www.linkedin.com\/company\/petroinsal\/about\/"]}]}},"_links":{"self":[{"href":"https:\/\/petroinstal.com\/es\/wp-json\/wp\/v2\/pages\/3139"}],"collection":[{"href":"https:\/\/petroinstal.com\/es\/wp-json\/wp\/v2\/pages"}],"about":[{"href":"https:\/\/petroinstal.com\/es\/wp-json\/wp\/v2\/types\/page"}],"author":[{"embeddable":true,"href":"https:\/\/petroinstal.com\/es\/wp-json\/wp\/v2\/users\/2"}],"replies":[{"embeddable":true,"href":"https:\/\/petroinstal.com\/es\/wp-json\/wp\/v2\/comments?post=3139"}],"version-history":[{"count":3,"href":"https:\/\/petroinstal.com\/es\/wp-json\/wp\/v2\/pages\/3139\/revisions"}],"predecessor-version":[{"id":3577,"href":"https:\/\/petroinstal.com\/es\/wp-json\/wp\/v2\/pages\/3139\/revisions\/3577"}],"wp:attachment":[{"href":"https:\/\/petroinstal.com\/es\/wp-json\/wp\/v2\/media?parent=3139"}],"curies":[{"name":"wp","href":"https:\/\/api.w.org\/{rel}","templated":true}]}}