{"id":3298,"date":"2021-12-14T14:56:31","date_gmt":"2021-12-14T13:56:31","guid":{"rendered":"https:\/\/petroinstal.com\/politica-de-privacidad\/"},"modified":"2022-06-14T09:16:25","modified_gmt":"2022-06-14T07:16:25","slug":"politica-de-privacidad","status":"publish","type":"page","link":"https:\/\/petroinstal.com\/es\/politica-de-privacidad\/","title":{"rendered":"Pol\u00edtica de privacidad"},"content":{"rendered":"\t\t<div data-elementor-type=\"wp-page\" data-elementor-id=\"3298\" class=\"elementor elementor-3298 elementor-3\" data-elementor-post-type=\"page\">\n\t\t\t\t\t\t<section class=\"elementor-section elementor-top-section elementor-element elementor-element-812622d elementor-section-boxed elementor-section-height-default elementor-section-height-default\" data-id=\"812622d\" data-element_type=\"section\">\n\t\t\t\t\t\t<div class=\"elementor-container elementor-column-gap-default\">\n\t\t\t\t\t<div class=\"elementor-column elementor-col-100 elementor-top-column elementor-element elementor-element-a7a3c3c\" data-id=\"a7a3c3c\" data-element_type=\"column\">\n\t\t\t<div class=\"elementor-widget-wrap elementor-element-populated\">\n\t\t\t\t\t\t<div class=\"elementor-element elementor-element-472d58c elementor-widget elementor-widget-heading\" data-id=\"472d58c\" data-element_type=\"widget\" data-widget_type=\"heading.default\">\n\t\t\t\t<div class=\"elementor-widget-container\">\n\t\t\t<style>\/*! elementor - v3.22.0 - 26-06-2024 *\/\n.elementor-heading-title{padding:0;margin:0;line-height:1}.elementor-widget-heading .elementor-heading-title[class*=elementor-size-]>a{color:inherit;font-size:inherit;line-height:inherit}.elementor-widget-heading .elementor-heading-title.elementor-size-small{font-size:15px}.elementor-widget-heading .elementor-heading-title.elementor-size-medium{font-size:19px}.elementor-widget-heading .elementor-heading-title.elementor-size-large{font-size:29px}.elementor-widget-heading .elementor-heading-title.elementor-size-xl{font-size:39px}.elementor-widget-heading .elementor-heading-title.elementor-size-xxl{font-size:59px}<\/style><h1 class=\"elementor-heading-title elementor-size-default\">Pol\u00edtica de privacidad<\/h1>\t\t<\/div>\n\t\t\t\t<\/div>\n\t\t\t\t<div class=\"elementor-element elementor-element-b61c64a elementor-widget elementor-widget-text-editor\" data-id=\"b61c64a\" data-element_type=\"widget\" data-widget_type=\"text-editor.default\">\n\t\t\t\t<div class=\"elementor-widget-container\">\n\t\t\t<style>\/*! elementor - v3.22.0 - 26-06-2024 *\/\n.elementor-widget-text-editor.elementor-drop-cap-view-stacked .elementor-drop-cap{background-color:#69727d;color:#fff}.elementor-widget-text-editor.elementor-drop-cap-view-framed .elementor-drop-cap{color:#69727d;border:3px solid;background-color:transparent}.elementor-widget-text-editor:not(.elementor-drop-cap-view-default) .elementor-drop-cap{margin-top:8px}.elementor-widget-text-editor:not(.elementor-drop-cap-view-default) .elementor-drop-cap-letter{width:1em;height:1em}.elementor-widget-text-editor .elementor-drop-cap{float:left;text-align:center;line-height:1;font-size:50px}.elementor-widget-text-editor .elementor-drop-cap-letter{display:inline-block}<\/style>\t\t\t\t<p><strong>PROTECCI\u00d3N DE DATOS PERSONALES<\/strong><\/p>\n<p>De conformidad con la normativa de Protecci\u00f3n de Datos de Car\u00e1cter Personal, le informan que los datos que se puedan facilitar a trav\u00e9s de los formularios existentes para la presente autoriza que los datos personales facilitados ser\u00e1n tratados por PETROINSTAL SL, con CIF B-64680937 y el sede social en Narc\u00eds Monturiol 14, Nave 1 del Pol.Ind. Los Planes de Arau, 08787 La Pobla de Claramunt (Barcelona), tel\u00e9fono 902575533, correo electr\u00f3nico Info@petroinstal.com Los datos facilitados ser\u00e1n tratados con las siguientes finalidades y caracter\u00edsticas seg\u00fan los formularios de captaci\u00f3n de datos:<\/p>\n<p><strong>Formulario de contacto<\/strong><\/p>\n<p>La finalidad del tratamiento de los datos que nos facilita es poder atender su consulta, y poder informar de cuestiones que pueden ser de su inter\u00e9s. Este tratamiento de datos se realiza a disponer de su consentimiento. Estos datos no ser\u00e1n cedidos a terceras personas, salvo las autoridades competentes y de acuerdo con una habilitaci\u00f3n legal.<\/p>\n<p>Estos datos ser\u00e1n conservados siempre que se mantenga la relaci\u00f3n que nos vincula.<\/p>\n<p><strong>Formulario de trabajo con nosotros <\/strong><\/p>\n<p>La finalidad del tratamiento de los datos que nos facilita es poder incorporar su curr\u00edculum a nuestra base de datos para los procesos de selecci\u00f3n que cumplan este perfil. Este tratamiento de datos se realiza en disponer de su consentimiento expreso para su incorporaci\u00f3n a nuestros procesos de recursos humanos.<\/p>\n<p>Estos datos no ser\u00e1n cedidos a terceras personas, salvo las autoridades competentes y de acuerdo con una habilitaci\u00f3n legal. Estos datos ser\u00e1n conservados hasta que el propio interesado no muestre su voluntad de ser incorporado a los procesos de selecci\u00f3n o cuando con el transcurso del tiempo los datos queden desactualizados.<\/p>\n<p>En cualquier caso podr\u00e1 indicar la revocaci\u00f3n del consentimiento otorgado, as\u00ed como ejercitar los derechos de acceso, rectificaci\u00f3n o supresi\u00f3n, la limitaci\u00f3n del tratamiento u oponerse, as\u00ed como el derecho a la portabilidad de los datos. Estas peticiones ser\u00e1 necesario que se haga en Narc\u00eds Monturiol 14, Nave 1 del Pol.Ind. Los Planes de Arau, 08787 La Pobla de Claramunt (Barcelona) o Info@petroinstal.com. Asimismo, tambi\u00e9n podr\u00e1 presentar reclamaci\u00f3n ante la Agencia Espa\u00f1ola de Protecci\u00f3n de datos.<\/p>\t\t\t\t\t\t<\/div>\n\t\t\t\t<\/div>\n\t\t\t\t<div class=\"elementor-element elementor-element-07598b5 elementor-widget elementor-widget-text-editor\" data-id=\"07598b5\" data-element_type=\"widget\" data-widget_type=\"text-editor.default\">\n\t\t\t\t<div class=\"elementor-widget-container\">\n\t\t\t\t\t\t\t<p><strong>PROPIEDAD INDUSTRIAL E INTELECTUAL.<\/strong><\/p>\n<p>Este sitio web es propiedad de PETROINSTAL, S.L. Los derechos de propiedad intelectual y derechos de explotaci\u00f3n y reproducci\u00f3n de este sitio web, de sus p\u00e1ginas, pantallas, la informaci\u00f3n que contienen, su apariencia y dise\u00f1o, as\u00ed como enlaces (\u00abhiperlinks\u00bb) que se establezcan en otras p\u00e1ginas web de cualquier instituci\u00f3n afiliada o cuerpo, son privativos, salvo que se especifique expresamente lo contrario.<\/p>\n<p>Cualquier denominaci\u00f3n, dise\u00f1o o logos, as\u00ed como cualquier producto o servicio ofrecidos y reflejados en esta p\u00e1gina web, son marcas debidamente registradas por PETROINSTAL, S.L., o por terceros.<\/p>\n<p>Cualquier uso indebido por personas distintas de su leg\u00edtimo titular y sin el consentimiento expreso e inequ\u00edvoco por parte del mismo podr\u00e1 ser denunciado y perseguido a trav\u00e9s de todos los medios legales existentes en la legislaci\u00f3n espa\u00f1ola o comunitaria.<\/p>\n<p>Los derechos de propiedad intelectual y marcas de terceros est\u00e1n convenientemente destacados y deben ser respetados por todos los que tengan acceso a esta p\u00e1gina, y no es responsabilidad de PETROINSTAL, S.L. el uso que el usuario puede llevar a cabo en relaci\u00f3n con esto, con la responsabilidad exclusiva en su persona.<\/p>\n<p>S\u00f3lo por uso personal y privado se permite descargar los contenidos, copiar o imprimir cualquier p\u00e1gina de esta web. Queda prohibido reproducir, transmitir, modificar o suprimir la informaci\u00f3n, contenido o advertencias de este sitio web sin el permiso previo por escrito de PETROINSTAL, S.L. PETROINSTAL, S.L. no transfiere a los usuarios la propiedad del software. El usuario es el propietario del soporte en el que el software es grabado.<\/p>\n<p>PETROINSTAL, S.L. tiene todos los derechos de propiedad industrial e intelectual, incluyendo software. Si el usuario transfiere software de este sitio web al terminal, no podr\u00e1 diseccionar para estudiarlo y descompilarlo, traducir lengua o versi\u00f3n del c\u00f3digo objeto original a otro c\u00f3digo o lenguaje.<\/p>\t\t\t\t\t\t<\/div>\n\t\t\t\t<\/div>\n\t\t\t\t<div class=\"elementor-element elementor-element-793ba41 elementor-widget elementor-widget-text-editor\" data-id=\"793ba41\" data-element_type=\"widget\" data-widget_type=\"text-editor.default\">\n\t\t\t\t<div class=\"elementor-widget-container\">\n\t\t\t\t\t\t\t<p><strong>LEY APLICABLE Y JURISDICCI\u00d3N.<\/strong><\/p>\n<p>Estas condiciones generales se rigen por la Legislaci\u00f3n espa\u00f1ola, siendo competentes los Juzgados y Tribunales espa\u00f1oles, y en particular, los de Igualada, para conocer todas las cuestiones que se susciten sobre la interpretaci\u00f3n, aplicaci\u00f3n y cumplimiento de las mismas. El usuario, en virtud de su aceptaci\u00f3n de las condiciones generales recogidas en este aviso legal, renuncia expresamente a cualquier fuero que, por aplicaci\u00f3n de la Ley de Enjuiciamiento Civil vigente, pueda corresponderle.<\/p>\n<p><strong> INFORMACI\u00d3N ADICIONAL CLIENTES<\/strong><\/p>\n<p>El responsable del tratamiento es Petroinstal S.L., con CIF B-64680937 y sede social en C\/ Narc\u00eds Monturiol, 14, nave 1, Pol. Ind. Planes de Arau 08787 La Pobla de Claramunt, tel\u00e9fono 902575533, correo electr\u00f3nico info@petroinstal.<\/p>\n<p>La finalidad del tratamiento de los datos que nos facilita es poder gestionar la relaci\u00f3n que nos vincula para poder prestar el servicio y mantenerlo informado por cualquier medio, incluyendo los telem\u00e1ticos, de nuestros servicios, novedades o cualquier hecho que consideremos que puede ser del su inter\u00e9s . La legitimaci\u00f3n para el tratamiento de sus datos es la propia prestaci\u00f3n del servicio.<\/p>\n<p>Estos datos no ser\u00e1n cedidos a terceras personas, salvo las autoridades competentes y de acuerdo con una habilitaci\u00f3n legal.<\/p>\n<p>En cualquier caso podr\u00e1 indicar la revocaci\u00f3n del consentimiento otorgado, as\u00ed como ejercitar los derechos de acceso, rectificaci\u00f3n o supresi\u00f3n, la limitaci\u00f3n del tratamiento o oponerse, as\u00ed como el derecho a la portabilidad de las datos. Estas peticiones ser\u00e1 necesario que se haga en la C\/ Narc\u00eds Monturiol, 14 nave 1, Pol.Ind. Planes de Arau, 08787 La Pobla de Claramunt o info@petroinstal.com. Asimismo, tambi\u00e9n podr\u00e1 presentar reclamaci\u00f3n ante la Agencia Espa\u00f1ola de Protecci\u00f3n de datos.<\/p>\t\t\t\t\t\t<\/div>\n\t\t\t\t<\/div>\n\t\t\t\t<div class=\"elementor-element elementor-element-2885a28 elementor-widget elementor-widget-text-editor\" data-id=\"2885a28\" data-element_type=\"widget\" data-widget_type=\"text-editor.default\">\n\t\t\t\t<div class=\"elementor-widget-container\">\n\t\t\t\t\t\t\t<p><strong>CORREO ELECTR\u00d3NICO<\/strong><\/p>\n<p>En virtud de la normativa de Protecci\u00f3n de Datos de Car\u00e1cter Personal, por la presente autoriza que los datos personales facilitados ser\u00e1n tratados por PETROINSTAL, S.L. La finalidad de este tratamiento es gestionar a las personas de contacto. Estos datos no ser\u00e1n transmitidos a terceras personas. En cualquier caso, podr\u00e1 ejercitar los derechos previstos por la normativa y obtener m\u00e1s informaci\u00f3n del tratamiento de sus datos de acuerdo con lo que detalla la informaci\u00f3n adicional en www.petroinstal.com<\/p>\n<p>El responsable del tratamiento es Petroinstal, S.L., con CIF B-64680937 y sede social en C\/ Narc\u00eds Monturiol, 14 nave 1, Pol Ind. Planes de Arau, 08787 Pobla de Claramunt, tel\u00e9fono 902575533, correo electr\u00f3nico info@petroinstal.com<\/p>\n<p>La finalidad del tratamiento de los datos que nos facilita es poder gestionar los datos de las personas de contacto y mantenerlos informados, pudiendo utilizarlos para remitir informaci\u00f3n de nuestros servicios o productos que consideramos que pueden ser de su inter\u00e9s.<\/p>\n<p>Este tratamiento de datos se realiza a disponer de su consentimiento.<\/p>\n<p>Estos datos no ser\u00e1n cedidos a terceras personas, salvo las autoridades competentes y de acuerdo con una habilitaci\u00f3n legal.<\/p>\n<p>En cualquier caso podr\u00e1 indicar la revocaci\u00f3n del consentimiento otorgado, as\u00ed como ejercitar los derechos de acceso, rectificaci\u00f3n o supresi\u00f3n, la limitaci\u00f3n del tratamiento o oponerse, as\u00ed como el derecho a la portabilidad de las datos. Estas peticiones deber\u00e1 realizarse en la C\/ Narc\u00eds Monturiol, 14 nave 1 Polo. Ind. Planes de Arau, 08787 La Pobla de Claramunt o info@petroinstal.com. Asimismo, tambi\u00e9n podr\u00e1 presentar reclamaci\u00f3n ante la Agencia Espa\u00f1ola de Protecci\u00f3n de datos.<\/p>\t\t\t\t\t\t<\/div>\n\t\t\t\t<\/div>\n\t\t\t\t\t<\/div>\n\t\t<\/div>\n\t\t\t\t\t<\/div>\n\t\t<\/section>\n\t\t\t\t<\/div>\n\t\t","protected":false},"excerpt":{"rendered":"<p>Pol\u00edtica de privacidad PROTECCI\u00d3N DE DATOS PERSONALES De conformidad con la normativa de Protecci\u00f3n de Datos de Car\u00e1cter Personal, le informan que los datos que se puedan facilitar a trav\u00e9s de los formularios existentes para la presente autoriza que los datos personales facilitados ser\u00e1n tratados por PETROINSTAL SL, con CIF B-64680937 y el sede social [&hellip;]<\/p>\n","protected":false},"author":1,"featured_media":0,"parent":0,"menu_order":0,"comment_status":"closed","ping_status":"closed","template":"","meta":{"_acf_changed":false,"footnotes":""},"acf":[],"yoast_head":"<!-- This site is optimized with the Yoast SEO plugin v22.9 - https:\/\/yoast.com\/wordpress\/plugins\/seo\/ -->\n<title>Pol\u00edtica de privacidad - Solucions globals per a instal\u00b7lacions petrol\u00edferes | Petroinstal<\/title>\n<meta name=\"robots\" content=\"index, follow, max-snippet:-1, max-image-preview:large, max-video-preview:-1\" \/>\n<link rel=\"canonical\" href=\"https:\/\/petroinstal.com\/es\/politica-de-privacidad\/\" \/>\n<meta property=\"og:locale\" content=\"es_ES\" \/>\n<meta property=\"og:type\" content=\"article\" \/>\n<meta property=\"og:title\" content=\"Pol\u00edtica de privacidad - Solucions globals per a instal\u00b7lacions petrol\u00edferes | Petroinstal\" \/>\n<meta property=\"og:description\" content=\"Pol\u00edtica de privacidad PROTECCI\u00d3N DE DATOS PERSONALES De conformidad con la normativa de Protecci\u00f3n de Datos de Car\u00e1cter Personal, le informan que los datos que se puedan facilitar a trav\u00e9s de los formularios existentes para la presente autoriza que los datos personales facilitados ser\u00e1n tratados por PETROINSTAL SL, con CIF B-64680937 y el sede social [&hellip;]\" \/>\n<meta property=\"og:url\" content=\"https:\/\/petroinstal.com\/es\/politica-de-privacidad\/\" \/>\n<meta property=\"og:site_name\" content=\"Solucions globals per a instal\u00b7lacions petrol\u00edferes | Petroinstal\" \/>\n<meta property=\"article:modified_time\" content=\"2022-06-14T07:16:25+00:00\" \/>\n<meta name=\"twitter:card\" content=\"summary_large_image\" \/>\n<meta name=\"twitter:label1\" content=\"Tiempo de lectura\" \/>\n\t<meta name=\"twitter:data1\" content=\"6 minutos\" \/>\n<script type=\"application\/ld+json\" class=\"yoast-schema-graph\">{\"@context\":\"https:\/\/schema.org\",\"@graph\":[{\"@type\":\"WebPage\",\"@id\":\"https:\/\/petroinstal.com\/es\/politica-de-privacidad\/\",\"url\":\"https:\/\/petroinstal.com\/es\/politica-de-privacidad\/\",\"name\":\"Pol\u00edtica de privacidad - Solucions globals per a instal\u00b7lacions petrol\u00edferes | Petroinstal\",\"isPartOf\":{\"@id\":\"https:\/\/petroinstal.com\/es\/#website\"},\"datePublished\":\"2021-12-14T13:56:31+00:00\",\"dateModified\":\"2022-06-14T07:16:25+00:00\",\"breadcrumb\":{\"@id\":\"https:\/\/petroinstal.com\/es\/politica-de-privacidad\/#breadcrumb\"},\"inLanguage\":\"es\",\"potentialAction\":[{\"@type\":\"ReadAction\",\"target\":[\"https:\/\/petroinstal.com\/es\/politica-de-privacidad\/\"]}]},{\"@type\":\"BreadcrumbList\",\"@id\":\"https:\/\/petroinstal.com\/es\/politica-de-privacidad\/#breadcrumb\",\"itemListElement\":[{\"@type\":\"ListItem\",\"position\":1,\"name\":\"Inici\",\"item\":\"https:\/\/petroinstal.com\/es\/\"},{\"@type\":\"ListItem\",\"position\":2,\"name\":\"Pol\u00edtica de privacidad\"}]},{\"@type\":\"WebSite\",\"@id\":\"https:\/\/petroinstal.com\/es\/#website\",\"url\":\"https:\/\/petroinstal.com\/es\/\",\"name\":\"Solucions globals per a instal\u00b7lacions petrol\u00edferes | Petroinstal\",\"description\":\"Experts en instal\u00b7lacions petrol\u00edferes, des del disseny de la instal\u00b7laci\u00f3 fins a la seva construcci\u00f3, posada en marxa, posteriors manteniments, ampliacions, remodelaci\u00f3 o desmantellament oferint el nostre bagatge professional en tot aquest decurs\",\"publisher\":{\"@id\":\"https:\/\/petroinstal.com\/es\/#organization\"},\"potentialAction\":[{\"@type\":\"SearchAction\",\"target\":{\"@type\":\"EntryPoint\",\"urlTemplate\":\"https:\/\/petroinstal.com\/es\/?s={search_term_string}\"},\"query-input\":\"required name=search_term_string\"}],\"inLanguage\":\"es\"},{\"@type\":\"Organization\",\"@id\":\"https:\/\/petroinstal.com\/es\/#organization\",\"name\":\"PETROINSTAL, SL\",\"url\":\"https:\/\/petroinstal.com\/es\/\",\"logo\":{\"@type\":\"ImageObject\",\"inLanguage\":\"es\",\"@id\":\"https:\/\/petroinstal.com\/es\/#\/schema\/logo\/image\/\",\"url\":\"https:\/\/petroinstal.com\/wp-content\/uploads\/2022\/02\/logo-petroinstal-llarg-1.svg\",\"contentUrl\":\"https:\/\/petroinstal.com\/wp-content\/uploads\/2022\/02\/logo-petroinstal-llarg-1.svg\",\"width\":1,\"height\":1,\"caption\":\"PETROINSTAL, SL\"},\"image\":{\"@id\":\"https:\/\/petroinstal.com\/es\/#\/schema\/logo\/image\/\"},\"sameAs\":[\"https:\/\/www.linkedin.com\/company\/petroinsal\/about\/\"]}]}<\/script>\n<!-- \/ Yoast SEO plugin. -->","yoast_head_json":{"title":"Pol\u00edtica de privacidad - Solucions globals per a instal\u00b7lacions petrol\u00edferes | Petroinstal","robots":{"index":"index","follow":"follow","max-snippet":"max-snippet:-1","max-image-preview":"max-image-preview:large","max-video-preview":"max-video-preview:-1"},"canonical":"https:\/\/petroinstal.com\/es\/politica-de-privacidad\/","og_locale":"es_ES","og_type":"article","og_title":"Pol\u00edtica de privacidad - Solucions globals per a instal\u00b7lacions petrol\u00edferes | Petroinstal","og_description":"Pol\u00edtica de privacidad PROTECCI\u00d3N DE DATOS PERSONALES De conformidad con la normativa de Protecci\u00f3n de Datos de Car\u00e1cter Personal, le informan que los datos que se puedan facilitar a trav\u00e9s de los formularios existentes para la presente autoriza que los datos personales facilitados ser\u00e1n tratados por PETROINSTAL SL, con CIF B-64680937 y el sede social [&hellip;]","og_url":"https:\/\/petroinstal.com\/es\/politica-de-privacidad\/","og_site_name":"Solucions globals per a instal\u00b7lacions petrol\u00edferes | Petroinstal","article_modified_time":"2022-06-14T07:16:25+00:00","twitter_card":"summary_large_image","twitter_misc":{"Tiempo de lectura":"6 minutos"},"schema":{"@context":"https:\/\/schema.org","@graph":[{"@type":"WebPage","@id":"https:\/\/petroinstal.com\/es\/politica-de-privacidad\/","url":"https:\/\/petroinstal.com\/es\/politica-de-privacidad\/","name":"Pol\u00edtica de privacidad - Solucions globals per a instal\u00b7lacions petrol\u00edferes | Petroinstal","isPartOf":{"@id":"https:\/\/petroinstal.com\/es\/#website"},"datePublished":"2021-12-14T13:56:31+00:00","dateModified":"2022-06-14T07:16:25+00:00","breadcrumb":{"@id":"https:\/\/petroinstal.com\/es\/politica-de-privacidad\/#breadcrumb"},"inLanguage":"es","potentialAction":[{"@type":"ReadAction","target":["https:\/\/petroinstal.com\/es\/politica-de-privacidad\/"]}]},{"@type":"BreadcrumbList","@id":"https:\/\/petroinstal.com\/es\/politica-de-privacidad\/#breadcrumb","itemListElement":[{"@type":"ListItem","position":1,"name":"Inici","item":"https:\/\/petroinstal.com\/es\/"},{"@type":"ListItem","position":2,"name":"Pol\u00edtica de privacidad"}]},{"@type":"WebSite","@id":"https:\/\/petroinstal.com\/es\/#website","url":"https:\/\/petroinstal.com\/es\/","name":"Solucions globals per a instal\u00b7lacions petrol\u00edferes | Petroinstal","description":"Experts en instal\u00b7lacions petrol\u00edferes, des del disseny de la instal\u00b7laci\u00f3 fins a la seva construcci\u00f3, posada en marxa, posteriors manteniments, ampliacions, remodelaci\u00f3 o desmantellament oferint el nostre bagatge professional en tot aquest decurs","publisher":{"@id":"https:\/\/petroinstal.com\/es\/#organization"},"potentialAction":[{"@type":"SearchAction","target":{"@type":"EntryPoint","urlTemplate":"https:\/\/petroinstal.com\/es\/?s={search_term_string}"},"query-input":"required name=search_term_string"}],"inLanguage":"es"},{"@type":"Organization","@id":"https:\/\/petroinstal.com\/es\/#organization","name":"PETROINSTAL, SL","url":"https:\/\/petroinstal.com\/es\/","logo":{"@type":"ImageObject","inLanguage":"es","@id":"https:\/\/petroinstal.com\/es\/#\/schema\/logo\/image\/","url":"https:\/\/petroinstal.com\/wp-content\/uploads\/2022\/02\/logo-petroinstal-llarg-1.svg","contentUrl":"https:\/\/petroinstal.com\/wp-content\/uploads\/2022\/02\/logo-petroinstal-llarg-1.svg","width":1,"height":1,"caption":"PETROINSTAL, SL"},"image":{"@id":"https:\/\/petroinstal.com\/es\/#\/schema\/logo\/image\/"},"sameAs":["https:\/\/www.linkedin.com\/company\/petroinsal\/about\/"]}]}},"_links":{"self":[{"href":"https:\/\/petroinstal.com\/es\/wp-json\/wp\/v2\/pages\/3298"}],"collection":[{"href":"https:\/\/petroinstal.com\/es\/wp-json\/wp\/v2\/pages"}],"about":[{"href":"https:\/\/petroinstal.com\/es\/wp-json\/wp\/v2\/types\/page"}],"author":[{"embeddable":true,"href":"https:\/\/petroinstal.com\/es\/wp-json\/wp\/v2\/users\/1"}],"replies":[{"embeddable":true,"href":"https:\/\/petroinstal.com\/es\/wp-json\/wp\/v2\/comments?post=3298"}],"version-history":[{"count":2,"href":"https:\/\/petroinstal.com\/es\/wp-json\/wp\/v2\/pages\/3298\/revisions"}],"predecessor-version":[{"id":3578,"href":"https:\/\/petroinstal.com\/es\/wp-json\/wp\/v2\/pages\/3298\/revisions\/3578"}],"wp:attachment":[{"href":"https:\/\/petroinstal.com\/es\/wp-json\/wp\/v2\/media?parent=3298"}],"curies":[{"name":"wp","href":"https:\/\/api.w.org\/{rel}","templated":true}]}}