{"id":3302,"date":"2022-04-28T16:11:51","date_gmt":"2022-04-28T14:11:51","guid":{"rendered":"https:\/\/petroinstal.com\/politica-de-cookies\/"},"modified":"2022-06-14T09:20:15","modified_gmt":"2022-06-14T07:20:15","slug":"politica-de-cookies","status":"publish","type":"page","link":"https:\/\/petroinstal.com\/es\/politica-de-cookies\/","title":{"rendered":"Pol\u00edtica de Cookies"},"content":{"rendered":"\t\t<div data-elementor-type=\"wp-page\" data-elementor-id=\"3302\" class=\"elementor elementor-3302 elementor-1026\" data-elementor-post-type=\"page\">\n\t\t\t\t\t\t<section class=\"elementor-section elementor-top-section elementor-element elementor-element-eed951b elementor-section-boxed elementor-section-height-default elementor-section-height-default\" data-id=\"eed951b\" data-element_type=\"section\">\n\t\t\t\t\t\t<div class=\"elementor-container elementor-column-gap-default\">\n\t\t\t\t\t<div class=\"elementor-column elementor-col-100 elementor-top-column elementor-element elementor-element-7193863\" data-id=\"7193863\" data-element_type=\"column\">\n\t\t\t<div class=\"elementor-widget-wrap elementor-element-populated\">\n\t\t\t\t\t\t<div class=\"elementor-element elementor-element-27b0db7 elementor-widget elementor-widget-heading\" data-id=\"27b0db7\" data-element_type=\"widget\" data-widget_type=\"heading.default\">\n\t\t\t\t<div class=\"elementor-widget-container\">\n\t\t\t<style>\/*! elementor - v3.22.0 - 26-06-2024 *\/\n.elementor-heading-title{padding:0;margin:0;line-height:1}.elementor-widget-heading .elementor-heading-title[class*=elementor-size-]>a{color:inherit;font-size:inherit;line-height:inherit}.elementor-widget-heading .elementor-heading-title.elementor-size-small{font-size:15px}.elementor-widget-heading .elementor-heading-title.elementor-size-medium{font-size:19px}.elementor-widget-heading .elementor-heading-title.elementor-size-large{font-size:29px}.elementor-widget-heading .elementor-heading-title.elementor-size-xl{font-size:39px}.elementor-widget-heading .elementor-heading-title.elementor-size-xxl{font-size:59px}<\/style><h1 class=\"elementor-heading-title elementor-size-default\">Pol\u00edtica de Cookies<\/h1>\t\t<\/div>\n\t\t\t\t<\/div>\n\t\t\t\t<div class=\"elementor-element elementor-element-e300eb6 elementor-widget elementor-widget-text-editor\" data-id=\"e300eb6\" data-element_type=\"widget\" data-widget_type=\"text-editor.default\">\n\t\t\t\t<div class=\"elementor-widget-container\">\n\t\t\t<style>\/*! elementor - v3.22.0 - 26-06-2024 *\/\n.elementor-widget-text-editor.elementor-drop-cap-view-stacked .elementor-drop-cap{background-color:#69727d;color:#fff}.elementor-widget-text-editor.elementor-drop-cap-view-framed .elementor-drop-cap{color:#69727d;border:3px solid;background-color:transparent}.elementor-widget-text-editor:not(.elementor-drop-cap-view-default) .elementor-drop-cap{margin-top:8px}.elementor-widget-text-editor:not(.elementor-drop-cap-view-default) .elementor-drop-cap-letter{width:1em;height:1em}.elementor-widget-text-editor .elementor-drop-cap{float:left;text-align:center;line-height:1;font-size:50px}.elementor-widget-text-editor .elementor-drop-cap-letter{display:inline-block}<\/style>\t\t\t\t<p>Les informan que para un buen funcionamiento de la web www.petroinstal.com, el sistema de navegaci\u00f3n utiliza algunos datos de navegaci\u00f3n (\u00abCookies\u00bb) para poder ofrecer un servicio m\u00e1s cuidado a los usuarios de la web. Las \u00abCookies\u00bb son peque\u00f1os archivos de texto que el navegador almacena cuando se navega por sitios web y aplicaciones. Puede recoger la direcci\u00f3n IP que utiliza el ordenador para conectarse al sitio web, la direcci\u00f3n URL de la p\u00e1gina web solicitada, la hora de la conexi\u00f3n y otros par\u00e1metros relativos al sistema operativo del entorno inform\u00e1tico usuario . Esta informaci\u00f3n s\u00f3lo recoge para identificar la sesi\u00f3n para facilitar los an\u00e1lisis del sitio web.<\/p><p>PETROINSTAL S.L. en su web s\u00f3lo utiliza cookies de terceros; y en concreto de Google Analytics; que es un servicio de estad\u00edsticas web que ofrece Google, Inc. Google Analytics recopila informaci\u00f3n del equipo del usuario para obtener informes sobre la actividad de la aplicaci\u00f3n; almacena la informaci\u00f3n recogida por las cookies en servidores en Estados Unidos.<\/p><p>De conformidad con la normativa de Protecci\u00f3n de Datos de Car\u00e1cter Personal, los datos que se puedan captar a trav\u00e9s de las cookies nos autoriza que los datos personales facilitados ser\u00e1n tratados por PETROINSTAL SL, con CIF B-64680937 y sede social en C\/ Narc\u00eds Monturiol , 14 nave 1, Pol.Ind. Planes de Arau 08787 La Pobla de Claramunt tel\u00e9fono 902575533, correo electr\u00f3nico info@petroinstal.com<\/p><p>Esta informaci\u00f3n, tal y como se ha detallado, ser\u00e1 tratada con fines de estudios de comportamientos y de marketing, y los datos se incorporar\u00e1n en un fichero a tal fin.<\/p><p>Estos datos ser\u00e1n comunicados al proveedor GOOGLE INC tal y como se ha detallado y ser\u00e1n conservados durante el per\u00edodo indicado para este proveedor.<\/p>\t\t\t\t\t\t<\/div>\n\t\t\t\t<\/div>\n\t\t\t\t<div class=\"elementor-element elementor-element-e634e47 elementor-widget elementor-widget-text-editor\" data-id=\"e634e47\" data-element_type=\"widget\" data-widget_type=\"text-editor.default\">\n\t\t\t\t<div class=\"elementor-widget-container\">\n\t\t\t\t\t\t\t<p>En cualquier caso podr\u00e1 indicar la revocaci\u00f3n del consentimiento otorgado, as\u00ed como ejercitar los derechos de acceso, rectificaci\u00f3n o supresi\u00f3n, la limitaci\u00f3n del tratamiento u oponerse, as\u00ed como el derecho a la portabilidad de los datos. Estas peticiones ser\u00e1 necesario que se haga en la C\/ Narc\u00eds Monturiol, 14 nave 1, Pol.Ind. Plans d&#8217;Arau 08787 La Pobla de Claramunt o info@petroinstal.com. Asimismo, tambi\u00e9n podr\u00e1 presentar reclamaci\u00f3n ante la Agencia Espa\u00f1ola de Protecci\u00f3n de datos.<\/p><p>Se le informa al usuario que Google podr\u00e1 transmitir esta informaci\u00f3n a terceros cuando lo requiera la ley, o cuando estos terceros procesen la informaci\u00f3n por cuenta de Google. Google no asociar\u00e1 la direcci\u00f3n IP del usuario con ning\u00fan otro dato del que disponga, y por tanto lo har\u00e1 totalmente de forma an\u00f3nima.<\/p><p>Para rechazar o eliminar esta \u00abcookie\u00bb se puede consultar la siguiente direcci\u00f3n:<\/p><p>http:\/\/www.google.com\/intl\/ca\/policies\/privacy\/<\/p><p>http:\/\/www.google.com\/intl\/en\/privacypolicy.html<\/p><p>En cualquier caso, el usuario puede habilitar la opci\u00f3n de su propio sistema de navegaci\u00f3n para no permitir la instalaci\u00f3n de cookies, sin que en ning\u00fan caso PETROINSTAL S.L. pueda ser responsable de que la inhabilitaci\u00f3n de Cookies comporte que algunos de los servicios que ofrece esta web no funcionen correctamente.<\/p><p>Si desea m\u00e1s informaci\u00f3n sobre las cookies y su manera de deshabitar seg\u00fan su sistema de navegaci\u00f3n, puede consultar los siguientes links: www.aboutcookies.org y http:\/\/www.aboutcookies.org\/Default.aspx?page = 1<\/p><p>En caso contrario, y informado PETROINSTAL, S.L. del uso de cookies y sin que \u00e9stas hayan sido inhabilitadas, implica que el usuario da su consentimiento al tratamiento de datos por Google en la forma prevista en este aviso y para las finalidades aqu\u00ed descritas.<\/p><p>En caso de duda o de cualquier comentario, puede dirigirse a PETROINSTAL, S.L. a trav\u00e9s de sus medios de atenci\u00f3n al p\u00fablico.<\/p>\t\t\t\t\t\t<\/div>\n\t\t\t\t<\/div>\n\t\t\t\t\t<\/div>\n\t\t<\/div>\n\t\t\t\t\t<\/div>\n\t\t<\/section>\n\t\t\t\t<\/div>\n\t\t","protected":false},"excerpt":{"rendered":"<p>Pol\u00edtica de Cookies Les informan que para un buen funcionamiento de la web www.petroinstal.com, el sistema de navegaci\u00f3n utiliza algunos datos de navegaci\u00f3n (\u00abCookies\u00bb) para poder ofrecer un servicio m\u00e1s cuidado a los usuarios de la web. Las \u00abCookies\u00bb son peque\u00f1os archivos de texto que el navegador almacena cuando se navega por sitios web y [&hellip;]<\/p>\n","protected":false},"author":2,"featured_media":0,"parent":0,"menu_order":0,"comment_status":"closed","ping_status":"closed","template":"","meta":{"_acf_changed":false,"footnotes":""},"acf":[],"yoast_head":"<!-- This site is optimized with the Yoast SEO plugin v22.9 - https:\/\/yoast.com\/wordpress\/plugins\/seo\/ -->\n<title>Pol\u00edtica de Cookies - Solucions globals per a instal\u00b7lacions petrol\u00edferes | Petroinstal<\/title>\n<meta name=\"robots\" content=\"index, follow, max-snippet:-1, max-image-preview:large, max-video-preview:-1\" \/>\n<link rel=\"canonical\" href=\"https:\/\/petroinstal.com\/es\/politica-de-cookies\/\" \/>\n<meta property=\"og:locale\" content=\"es_ES\" \/>\n<meta property=\"og:type\" content=\"article\" \/>\n<meta property=\"og:title\" content=\"Pol\u00edtica de Cookies - Solucions globals per a instal\u00b7lacions petrol\u00edferes | Petroinstal\" \/>\n<meta property=\"og:description\" content=\"Pol\u00edtica de Cookies Les informan que para un buen funcionamiento de la web www.petroinstal.com, el sistema de navegaci\u00f3n utiliza algunos datos de navegaci\u00f3n (\u00abCookies\u00bb) para poder ofrecer un servicio m\u00e1s cuidado a los usuarios de la web. Las \u00abCookies\u00bb son peque\u00f1os archivos de texto que el navegador almacena cuando se navega por sitios web y [&hellip;]\" \/>\n<meta property=\"og:url\" content=\"https:\/\/petroinstal.com\/es\/politica-de-cookies\/\" \/>\n<meta property=\"og:site_name\" content=\"Solucions globals per a instal\u00b7lacions petrol\u00edferes | Petroinstal\" \/>\n<meta property=\"article:modified_time\" content=\"2022-06-14T07:20:15+00:00\" \/>\n<meta name=\"twitter:card\" content=\"summary_large_image\" \/>\n<meta name=\"twitter:label1\" content=\"Tiempo de lectura\" \/>\n\t<meta name=\"twitter:data1\" content=\"3 minutos\" \/>\n<script type=\"application\/ld+json\" class=\"yoast-schema-graph\">{\"@context\":\"https:\/\/schema.org\",\"@graph\":[{\"@type\":\"WebPage\",\"@id\":\"https:\/\/petroinstal.com\/es\/politica-de-cookies\/\",\"url\":\"https:\/\/petroinstal.com\/es\/politica-de-cookies\/\",\"name\":\"Pol\u00edtica de Cookies - Solucions globals per a instal\u00b7lacions petrol\u00edferes | Petroinstal\",\"isPartOf\":{\"@id\":\"https:\/\/petroinstal.com\/es\/#website\"},\"datePublished\":\"2022-04-28T14:11:51+00:00\",\"dateModified\":\"2022-06-14T07:20:15+00:00\",\"breadcrumb\":{\"@id\":\"https:\/\/petroinstal.com\/es\/politica-de-cookies\/#breadcrumb\"},\"inLanguage\":\"es\",\"potentialAction\":[{\"@type\":\"ReadAction\",\"target\":[\"https:\/\/petroinstal.com\/es\/politica-de-cookies\/\"]}]},{\"@type\":\"BreadcrumbList\",\"@id\":\"https:\/\/petroinstal.com\/es\/politica-de-cookies\/#breadcrumb\",\"itemListElement\":[{\"@type\":\"ListItem\",\"position\":1,\"name\":\"Inici\",\"item\":\"https:\/\/petroinstal.com\/es\/\"},{\"@type\":\"ListItem\",\"position\":2,\"name\":\"Pol\u00edtica de Cookies\"}]},{\"@type\":\"WebSite\",\"@id\":\"https:\/\/petroinstal.com\/es\/#website\",\"url\":\"https:\/\/petroinstal.com\/es\/\",\"name\":\"Solucions globals per a instal\u00b7lacions petrol\u00edferes | Petroinstal\",\"description\":\"Experts en instal\u00b7lacions petrol\u00edferes, des del disseny de la instal\u00b7laci\u00f3 fins a la seva construcci\u00f3, posada en marxa, posteriors manteniments, ampliacions, remodelaci\u00f3 o desmantellament oferint el nostre bagatge professional en tot aquest decurs\",\"publisher\":{\"@id\":\"https:\/\/petroinstal.com\/es\/#organization\"},\"potentialAction\":[{\"@type\":\"SearchAction\",\"target\":{\"@type\":\"EntryPoint\",\"urlTemplate\":\"https:\/\/petroinstal.com\/es\/?s={search_term_string}\"},\"query-input\":\"required name=search_term_string\"}],\"inLanguage\":\"es\"},{\"@type\":\"Organization\",\"@id\":\"https:\/\/petroinstal.com\/es\/#organization\",\"name\":\"PETROINSTAL, SL\",\"url\":\"https:\/\/petroinstal.com\/es\/\",\"logo\":{\"@type\":\"ImageObject\",\"inLanguage\":\"es\",\"@id\":\"https:\/\/petroinstal.com\/es\/#\/schema\/logo\/image\/\",\"url\":\"https:\/\/petroinstal.com\/wp-content\/uploads\/2022\/02\/logo-petroinstal-llarg-1.svg\",\"contentUrl\":\"https:\/\/petroinstal.com\/wp-content\/uploads\/2022\/02\/logo-petroinstal-llarg-1.svg\",\"width\":1,\"height\":1,\"caption\":\"PETROINSTAL, SL\"},\"image\":{\"@id\":\"https:\/\/petroinstal.com\/es\/#\/schema\/logo\/image\/\"},\"sameAs\":[\"https:\/\/www.linkedin.com\/company\/petroinsal\/about\/\"]}]}<\/script>\n<!-- \/ Yoast SEO plugin. -->","yoast_head_json":{"title":"Pol\u00edtica de Cookies - Solucions globals per a instal\u00b7lacions petrol\u00edferes | Petroinstal","robots":{"index":"index","follow":"follow","max-snippet":"max-snippet:-1","max-image-preview":"max-image-preview:large","max-video-preview":"max-video-preview:-1"},"canonical":"https:\/\/petroinstal.com\/es\/politica-de-cookies\/","og_locale":"es_ES","og_type":"article","og_title":"Pol\u00edtica de Cookies - Solucions globals per a instal\u00b7lacions petrol\u00edferes | Petroinstal","og_description":"Pol\u00edtica de Cookies Les informan que para un buen funcionamiento de la web www.petroinstal.com, el sistema de navegaci\u00f3n utiliza algunos datos de navegaci\u00f3n (\u00abCookies\u00bb) para poder ofrecer un servicio m\u00e1s cuidado a los usuarios de la web. Las \u00abCookies\u00bb son peque\u00f1os archivos de texto que el navegador almacena cuando se navega por sitios web y [&hellip;]","og_url":"https:\/\/petroinstal.com\/es\/politica-de-cookies\/","og_site_name":"Solucions globals per a instal\u00b7lacions petrol\u00edferes | Petroinstal","article_modified_time":"2022-06-14T07:20:15+00:00","twitter_card":"summary_large_image","twitter_misc":{"Tiempo de lectura":"3 minutos"},"schema":{"@context":"https:\/\/schema.org","@graph":[{"@type":"WebPage","@id":"https:\/\/petroinstal.com\/es\/politica-de-cookies\/","url":"https:\/\/petroinstal.com\/es\/politica-de-cookies\/","name":"Pol\u00edtica de Cookies - Solucions globals per a instal\u00b7lacions petrol\u00edferes | Petroinstal","isPartOf":{"@id":"https:\/\/petroinstal.com\/es\/#website"},"datePublished":"2022-04-28T14:11:51+00:00","dateModified":"2022-06-14T07:20:15+00:00","breadcrumb":{"@id":"https:\/\/petroinstal.com\/es\/politica-de-cookies\/#breadcrumb"},"inLanguage":"es","potentialAction":[{"@type":"ReadAction","target":["https:\/\/petroinstal.com\/es\/politica-de-cookies\/"]}]},{"@type":"BreadcrumbList","@id":"https:\/\/petroinstal.com\/es\/politica-de-cookies\/#breadcrumb","itemListElement":[{"@type":"ListItem","position":1,"name":"Inici","item":"https:\/\/petroinstal.com\/es\/"},{"@type":"ListItem","position":2,"name":"Pol\u00edtica de Cookies"}]},{"@type":"WebSite","@id":"https:\/\/petroinstal.com\/es\/#website","url":"https:\/\/petroinstal.com\/es\/","name":"Solucions globals per a instal\u00b7lacions petrol\u00edferes | Petroinstal","description":"Experts en instal\u00b7lacions petrol\u00edferes, des del disseny de la instal\u00b7laci\u00f3 fins a la seva construcci\u00f3, posada en marxa, posteriors manteniments, ampliacions, remodelaci\u00f3 o desmantellament oferint el nostre bagatge professional en tot aquest decurs","publisher":{"@id":"https:\/\/petroinstal.com\/es\/#organization"},"potentialAction":[{"@type":"SearchAction","target":{"@type":"EntryPoint","urlTemplate":"https:\/\/petroinstal.com\/es\/?s={search_term_string}"},"query-input":"required name=search_term_string"}],"inLanguage":"es"},{"@type":"Organization","@id":"https:\/\/petroinstal.com\/es\/#organization","name":"PETROINSTAL, SL","url":"https:\/\/petroinstal.com\/es\/","logo":{"@type":"ImageObject","inLanguage":"es","@id":"https:\/\/petroinstal.com\/es\/#\/schema\/logo\/image\/","url":"https:\/\/petroinstal.com\/wp-content\/uploads\/2022\/02\/logo-petroinstal-llarg-1.svg","contentUrl":"https:\/\/petroinstal.com\/wp-content\/uploads\/2022\/02\/logo-petroinstal-llarg-1.svg","width":1,"height":1,"caption":"PETROINSTAL, SL"},"image":{"@id":"https:\/\/petroinstal.com\/es\/#\/schema\/logo\/image\/"},"sameAs":["https:\/\/www.linkedin.com\/company\/petroinsal\/about\/"]}]}},"_links":{"self":[{"href":"https:\/\/petroinstal.com\/es\/wp-json\/wp\/v2\/pages\/3302"}],"collection":[{"href":"https:\/\/petroinstal.com\/es\/wp-json\/wp\/v2\/pages"}],"about":[{"href":"https:\/\/petroinstal.com\/es\/wp-json\/wp\/v2\/types\/page"}],"author":[{"embeddable":true,"href":"https:\/\/petroinstal.com\/es\/wp-json\/wp\/v2\/users\/2"}],"replies":[{"embeddable":true,"href":"https:\/\/petroinstal.com\/es\/wp-json\/wp\/v2\/comments?post=3302"}],"version-history":[{"count":1,"href":"https:\/\/petroinstal.com\/es\/wp-json\/wp\/v2\/pages\/3302\/revisions"}],"predecessor-version":[{"id":3305,"href":"https:\/\/petroinstal.com\/es\/wp-json\/wp\/v2\/pages\/3302\/revisions\/3305"}],"wp:attachment":[{"href":"https:\/\/petroinstal.com\/es\/wp-json\/wp\/v2\/media?parent=3302"}],"curies":[{"name":"wp","href":"https:\/\/api.w.org\/{rel}","templated":true}]}}